{"id":10187,"date":"2024-06-25T18:09:57","date_gmt":"2024-06-25T16:09:57","guid":{"rendered":"https:\/\/embar-go.fr\/?page_id=10187"},"modified":"2026-04-17T20:59:08","modified_gmt":"2026-04-17T18:59:08","slug":"videos","status":"publish","type":"page","link":"https:\/\/www.anesansqueue.fr\/index.php\/videos\/","title":{"rendered":"Vid\u00e9os"},"content":{"rendered":"\t\t<div data-elementor-type=\"wp-page\" data-elementor-id=\"10187\" class=\"elementor elementor-10187\">\n\t\t\t\t\t\t<section class=\"elementor-section elementor-top-section elementor-element elementor-element-a782c9c elementor-section-boxed elementor-section-height-default elementor-section-height-default exad-glass-effect-no exad-sticky-section-no\" data-id=\"a782c9c\" data-element_type=\"section\" data-e-type=\"section\">\n\t\t\t\t\t\t<div class=\"elementor-container elementor-column-gap-default\">\n\t\t\t\t\t<div class=\"elementor-column elementor-col-100 elementor-top-column elementor-element elementor-element-320c418 exad-glass-effect-no exad-sticky-section-no\" data-id=\"320c418\" data-element_type=\"column\" data-e-type=\"column\">\n\t\t\t<div class=\"elementor-widget-wrap elementor-element-populated\">\n\t\t\t\t\t\t<div class=\"elementor-element elementor-element-4a072d7 exad-sticky-section-no exad-glass-effect-no elementor-widget elementor-widget-heading\" data-id=\"4a072d7\" data-element_type=\"widget\" data-e-type=\"widget\" data-widget_type=\"heading.default\">\n\t\t\t\t<div class=\"elementor-widget-container\">\n\t\t\t\t\t<h2 class=\"elementor-heading-title elementor-size-default\"><a href=\"https:\/\/www.anesansqueue.fr\/index.php\/video-2\/\">L'integralit\u00e9 des vid\u00e9os sont tourn\u00e9es en 4K et 6K pour la 3D<\/a><\/h2>\t\t\t\t<\/div>\n\t\t\t\t<\/div>\n\t\t\t\t<div class=\"elementor-element elementor-element-493ece6 exad-sticky-section-no exad-glass-effect-no elementor-widget elementor-widget-heading\" data-id=\"493ece6\" data-element_type=\"widget\" data-e-type=\"widget\" data-widget_type=\"heading.default\">\n\t\t\t\t<div class=\"elementor-widget-container\">\n\t\t\t\t\t<h2 class=\"elementor-heading-title elementor-size-default\"><a href=\"https:\/\/www.anesansqueue.fr\/index.php\/video-2\/\">DERNI\u00c8RES VID\u00c9OS<\/a><\/h2>\t\t\t\t<\/div>\n\t\t\t\t<\/div>\n\t\t\t\t<div class=\"elementor-element elementor-element-3824758 exad-sticky-section-no exad-glass-effect-no elementor-widget elementor-widget-image\" data-id=\"3824758\" data-element_type=\"widget\" data-e-type=\"widget\" data-widget_type=\"image.default\">\n\t\t\t\t<div class=\"elementor-widget-container\">\n\t\t\t\t\t\t\t\t\t\t\t\t\t\t\t\t<a href=\"https:\/\/www.anesansqueue.fr\/index.php\/video-2\/\">\n\t\t\t\t\t\t\t<img fetchpriority=\"high\" decoding=\"async\" width=\"1024\" height=\"576\" src=\"https:\/\/www.anesansqueue.fr\/wp-content\/uploads\/2024\/06\/Concerts-02-1024x576.jpg\" class=\"attachment-large size-large wp-image-10215\" alt=\"\" srcset=\"https:\/\/www.anesansqueue.fr\/wp-content\/uploads\/2024\/06\/Concerts-02-1024x576.jpg 1024w, https:\/\/www.anesansqueue.fr\/wp-content\/uploads\/2024\/06\/Concerts-02-300x169.jpg 300w, https:\/\/www.anesansqueue.fr\/wp-content\/uploads\/2024\/06\/Concerts-02-768x432.jpg 768w, https:\/\/www.anesansqueue.fr\/wp-content\/uploads\/2024\/06\/Concerts-02-1536x864.jpg 1536w, https:\/\/www.anesansqueue.fr\/wp-content\/uploads\/2024\/06\/Concerts-02.jpg 1920w\" sizes=\"(max-width: 1024px) 100vw, 1024px\" \/>\t\t\t\t\t\t\t\t<\/a>\n\t\t\t\t\t\t\t\t\t\t\t\t\t\t\t<\/div>\n\t\t\t\t<\/div>\n\t\t\t\t\t<\/div>\n\t\t<\/div>\n\t\t\t\t\t<\/div>\n\t\t<\/section>\n\t\t\t\t<section class=\"elementor-section elementor-top-section elementor-element elementor-element-fbc0f4d elementor-section-boxed elementor-section-height-default elementor-section-height-default exad-glass-effect-no exad-sticky-section-no\" data-id=\"fbc0f4d\" data-element_type=\"section\" data-e-type=\"section\">\n\t\t\t\t\t\t<div class=\"elementor-container elementor-column-gap-default\">\n\t\t\t\t\t<div class=\"elementor-column elementor-col-100 elementor-top-column elementor-element elementor-element-d5cc3ce exad-glass-effect-no exad-sticky-section-no\" data-id=\"d5cc3ce\" data-element_type=\"column\" data-e-type=\"column\">\n\t\t\t<div class=\"elementor-widget-wrap elementor-element-populated\">\n\t\t\t\t\t\t<div class=\"elementor-element elementor-element-6d533fd exad-sticky-section-no exad-glass-effect-no elementor-widget elementor-widget-heading\" data-id=\"6d533fd\" data-element_type=\"widget\" data-e-type=\"widget\" data-widget_type=\"heading.default\">\n\t\t\t\t<div class=\"elementor-widget-container\">\n\t\t\t\t\t<h1 class=\"elementor-heading-title elementor-size-default\"><a href=\"https:\/\/www.anesansqueue.fr\/index.php\/videos-360\/\">VIDEOS &amp; PHOTOS 360\u00b0 <\/a><\/h1>\t\t\t\t<\/div>\n\t\t\t\t<\/div>\n\t\t\t\t<div class=\"elementor-element elementor-element-52c7471 exad-sticky-section-no exad-glass-effect-no elementor-widget elementor-widget-heading\" data-id=\"52c7471\" data-element_type=\"widget\" data-e-type=\"widget\" data-widget_type=\"heading.default\">\n\t\t\t\t<div class=\"elementor-widget-container\">\n\t\t\t\t\t<h1 class=\"elementor-heading-title elementor-size-default\"><a href=\"https:\/\/www.anesansqueue.fr\/index.php\/videos-360\/\">Click gauche et maintient pour naviguer<\/a><\/h1>\t\t\t\t<\/div>\n\t\t\t\t<\/div>\n\t\t\t\t<div class=\"elementor-element elementor-element-cf70c1e exad-sticky-section-no exad-glass-effect-no elementor-widget elementor-widget-html\" data-id=\"cf70c1e\" data-element_type=\"widget\" data-e-type=\"widget\" data-widget_type=\"html.default\">\n\t\t\t\t<div class=\"elementor-widget-container\">\n\t\t\t\t\t<iframe style=\"max-width:100%;width:100%;height:430px;\" src=\"https:\/\/www.klapty.com\/tour\/tunnel\/Z4v0EBW9zo\" frameborder=\"0\" allowfullscreen=\"true\" mozallowfullscreen=\"true\" webkitallowfullscreen=\"true\" allowvr=\"true\" allow=\"accelerometer; autoplay; clipboard-write; encrypted-media; gyroscope; picture-in-picture; vr\" ><\/iframe> \t\t\t\t<\/div>\n\t\t\t\t<\/div>\n\t\t\t\t\t<\/div>\n\t\t<\/div>\n\t\t\t\t\t<\/div>\n\t\t<\/section>\n\t\t\t\t<section class=\"elementor-section elementor-top-section elementor-element elementor-element-a289866 elementor-section-boxed elementor-section-height-default elementor-section-height-default exad-glass-effect-no exad-sticky-section-no\" data-id=\"a289866\" data-element_type=\"section\" data-e-type=\"section\">\n\t\t\t\t\t\t<div class=\"elementor-container elementor-column-gap-default\">\n\t\t\t\t\t<div class=\"elementor-column elementor-col-100 elementor-top-column elementor-element elementor-element-df203f2 exad-glass-effect-no exad-sticky-section-no\" data-id=\"df203f2\" data-element_type=\"column\" data-e-type=\"column\">\n\t\t\t<div class=\"elementor-widget-wrap elementor-element-populated\">\n\t\t\t\t\t\t<div class=\"elementor-element elementor-element-708b035 exad-sticky-section-no exad-glass-effect-no elementor-widget elementor-widget-heading\" data-id=\"708b035\" data-element_type=\"widget\" data-e-type=\"widget\" data-widget_type=\"heading.default\">\n\t\t\t\t<div class=\"elementor-widget-container\">\n\t\t\t\t\t<h2 class=\"elementor-heading-title elementor-size-default\"><a href=\"https:\/\/www.anesansqueue.fr\/index.php\/concerts\/\">CONCERTS<\/a><\/h2>\t\t\t\t<\/div>\n\t\t\t\t<\/div>\n\t\t\t\t<div class=\"elementor-element elementor-element-23efcf9 exad-sticky-section-no exad-glass-effect-no elementor-widget elementor-widget-image\" data-id=\"23efcf9\" data-element_type=\"widget\" data-e-type=\"widget\" data-widget_type=\"image.default\">\n\t\t\t\t<div class=\"elementor-widget-container\">\n\t\t\t\t\t\t\t\t\t\t\t\t\t\t\t\t<a href=\"https:\/\/www.anesansqueue.fr\/index.php\/concerts\/\">\n\t\t\t\t\t\t\t<img decoding=\"async\" width=\"1024\" height=\"576\" src=\"https:\/\/www.anesansqueue.fr\/wp-content\/uploads\/2024\/06\/Concerts-03-1024x576.jpg\" class=\"attachment-large size-large wp-image-10287\" alt=\"\" srcset=\"https:\/\/www.anesansqueue.fr\/wp-content\/uploads\/2024\/06\/Concerts-03-1024x576.jpg 1024w, https:\/\/www.anesansqueue.fr\/wp-content\/uploads\/2024\/06\/Concerts-03-300x169.jpg 300w, https:\/\/www.anesansqueue.fr\/wp-content\/uploads\/2024\/06\/Concerts-03-768x432.jpg 768w, https:\/\/www.anesansqueue.fr\/wp-content\/uploads\/2024\/06\/Concerts-03-1536x864.jpg 1536w, https:\/\/www.anesansqueue.fr\/wp-content\/uploads\/2024\/06\/Concerts-03.jpg 1920w\" sizes=\"(max-width: 1024px) 100vw, 1024px\" \/>\t\t\t\t\t\t\t\t<\/a>\n\t\t\t\t\t\t\t\t\t\t\t\t\t\t\t<\/div>\n\t\t\t\t<\/div>\n\t\t\t\t\t<\/div>\n\t\t<\/div>\n\t\t\t\t\t<\/div>\n\t\t<\/section>\n\t\t\t\t<section class=\"elementor-section elementor-top-section elementor-element elementor-element-2bf6f7d elementor-section-boxed elementor-section-height-default elementor-section-height-default exad-glass-effect-no exad-sticky-section-no\" data-id=\"2bf6f7d\" data-element_type=\"section\" data-e-type=\"section\">\n\t\t\t\t\t\t<div class=\"elementor-container elementor-column-gap-default\">\n\t\t\t\t\t<div class=\"elementor-column elementor-col-100 elementor-top-column elementor-element elementor-element-56f3f31 exad-glass-effect-no exad-sticky-section-no\" data-id=\"56f3f31\" data-element_type=\"column\" data-e-type=\"column\">\n\t\t\t<div class=\"elementor-widget-wrap elementor-element-populated\">\n\t\t\t\t\t\t<div class=\"elementor-element elementor-element-1ea3c84 exad-sticky-section-no exad-glass-effect-no elementor-widget elementor-widget-heading\" data-id=\"1ea3c84\" data-element_type=\"widget\" data-e-type=\"widget\" data-widget_type=\"heading.default\">\n\t\t\t\t<div class=\"elementor-widget-container\">\n\t\t\t\t\t<h2 class=\"elementor-heading-title elementor-size-default\"><a href=\"https:\/\/www.anesansqueue.fr\/index.php\/expositions\/\">EXPOSITIONS<\/a><\/h2>\t\t\t\t<\/div>\n\t\t\t\t<\/div>\n\t\t\t\t<div class=\"elementor-element elementor-element-7becc5c exad-sticky-section-no exad-glass-effect-no elementor-widget elementor-widget-image\" data-id=\"7becc5c\" data-element_type=\"widget\" data-e-type=\"widget\" data-widget_type=\"image.default\">\n\t\t\t\t<div class=\"elementor-widget-container\">\n\t\t\t\t\t\t\t\t\t\t\t\t\t\t\t\t<a href=\"https:\/\/www.anesansqueue.fr\/index.php\/expositions\/\">\n\t\t\t\t\t\t\t<img decoding=\"async\" width=\"921\" height=\"915\" src=\"https:\/\/www.anesansqueue.fr\/wp-content\/uploads\/2024\/06\/Screenshot-2024-06-25-at-18-47-52-LAne-Sans-Queue-@anesansqueue-\u2022-Photos-et-videos-Instagram.jpg\" class=\"attachment-large size-large wp-image-10204\" alt=\"\" srcset=\"https:\/\/www.anesansqueue.fr\/wp-content\/uploads\/2024\/06\/Screenshot-2024-06-25-at-18-47-52-LAne-Sans-Queue-@anesansqueue-\u2022-Photos-et-videos-Instagram.jpg 921w, https:\/\/www.anesansqueue.fr\/wp-content\/uploads\/2024\/06\/Screenshot-2024-06-25-at-18-47-52-LAne-Sans-Queue-@anesansqueue-\u2022-Photos-et-videos-Instagram-300x298.jpg 300w, https:\/\/www.anesansqueue.fr\/wp-content\/uploads\/2024\/06\/Screenshot-2024-06-25-at-18-47-52-LAne-Sans-Queue-@anesansqueue-\u2022-Photos-et-videos-Instagram-150x150.jpg 150w, https:\/\/www.anesansqueue.fr\/wp-content\/uploads\/2024\/06\/Screenshot-2024-06-25-at-18-47-52-LAne-Sans-Queue-@anesansqueue-\u2022-Photos-et-videos-Instagram-768x763.jpg 768w\" sizes=\"(max-width: 921px) 100vw, 921px\" \/>\t\t\t\t\t\t\t\t<\/a>\n\t\t\t\t\t\t\t\t\t\t\t\t\t\t\t<\/div>\n\t\t\t\t<\/div>\n\t\t\t\t\t<\/div>\n\t\t<\/div>\n\t\t\t\t\t<\/div>\n\t\t<\/section>\n\t\t\t\t<section class=\"elementor-section elementor-top-section elementor-element elementor-element-790ab25 elementor-section-boxed elementor-section-height-default elementor-section-height-default exad-glass-effect-no exad-sticky-section-no\" data-id=\"790ab25\" data-element_type=\"section\" data-e-type=\"section\">\n\t\t\t\t\t\t<div class=\"elementor-container elementor-column-gap-default\">\n\t\t\t\t\t<div class=\"elementor-column elementor-col-100 elementor-top-column elementor-element elementor-element-4221a6f exad-glass-effect-no exad-sticky-section-no\" data-id=\"4221a6f\" data-element_type=\"column\" data-e-type=\"column\">\n\t\t\t<div class=\"elementor-widget-wrap elementor-element-populated\">\n\t\t\t\t\t\t<div class=\"elementor-element elementor-element-2173c1f exad-sticky-section-no exad-glass-effect-no elementor-widget elementor-widget-heading\" data-id=\"2173c1f\" data-element_type=\"widget\" data-e-type=\"widget\" data-widget_type=\"heading.default\">\n\t\t\t\t<div class=\"elementor-widget-container\">\n\t\t\t\t\t<h2 class=\"elementor-heading-title elementor-size-default\"><a href=\"https:\/\/www.anesansqueue.fr\/index.php\/divers\/\">DIVERS<\/a><\/h2>\t\t\t\t<\/div>\n\t\t\t\t<\/div>\n\t\t\t\t<div class=\"elementor-element elementor-element-63cd1eb exad-sticky-section-no exad-glass-effect-no elementor-widget elementor-widget-image\" data-id=\"63cd1eb\" data-element_type=\"widget\" data-e-type=\"widget\" data-widget_type=\"image.default\">\n\t\t\t\t<div class=\"elementor-widget-container\">\n\t\t\t\t\t\t\t\t\t\t\t\t\t\t\t\t<a href=\"https:\/\/www.anesansqueue.fr\/index.php\/divers\/\">\n\t\t\t\t\t\t\t<img loading=\"lazy\" decoding=\"async\" width=\"1024\" height=\"1024\" src=\"https:\/\/www.anesansqueue.fr\/wp-content\/uploads\/2024\/06\/Soiree-Magie-TIM-1024x1024.jpg\" class=\"attachment-large size-large wp-image-10203\" alt=\"\" srcset=\"https:\/\/www.anesansqueue.fr\/wp-content\/uploads\/2024\/06\/Soiree-Magie-TIM-1024x1024.jpg 1024w, https:\/\/www.anesansqueue.fr\/wp-content\/uploads\/2024\/06\/Soiree-Magie-TIM-300x300.jpg 300w, https:\/\/www.anesansqueue.fr\/wp-content\/uploads\/2024\/06\/Soiree-Magie-TIM-150x150.jpg 150w, https:\/\/www.anesansqueue.fr\/wp-content\/uploads\/2024\/06\/Soiree-Magie-TIM-768x768.jpg 768w, https:\/\/www.anesansqueue.fr\/wp-content\/uploads\/2024\/06\/Soiree-Magie-TIM.jpg 1080w\" sizes=\"(max-width: 1024px) 100vw, 1024px\" \/>\t\t\t\t\t\t\t\t<\/a>\n\t\t\t\t\t\t\t\t\t\t\t\t\t\t\t<\/div>\n\t\t\t\t<\/div>\n\t\t\t\t\t<\/div>\n\t\t<\/div>\n\t\t\t\t\t<\/div>\n\t\t<\/section>\n\t\t\t\t<section class=\"elementor-section elementor-top-section elementor-element elementor-element-814c393 elementor-section-boxed elementor-section-height-default elementor-section-height-default exad-glass-effect-no exad-sticky-section-no\" data-id=\"814c393\" data-element_type=\"section\" data-e-type=\"section\">\n\t\t\t\t\t\t<div class=\"elementor-container elementor-column-gap-default\">\n\t\t\t\t\t<div class=\"elementor-column elementor-col-100 elementor-top-column elementor-element elementor-element-15f7d12 exad-glass-effect-no exad-sticky-section-no\" data-id=\"15f7d12\" data-element_type=\"column\" data-e-type=\"column\">\n\t\t\t<div class=\"elementor-widget-wrap elementor-element-populated\">\n\t\t\t\t\t\t<div class=\"elementor-element elementor-element-28c4c7a exad-sticky-section-no exad-glass-effect-no elementor-widget elementor-widget-heading\" data-id=\"28c4c7a\" data-element_type=\"widget\" data-e-type=\"widget\" data-widget_type=\"heading.default\">\n\t\t\t\t<div class=\"elementor-widget-container\">\n\t\t\t\t\t<h2 class=\"elementor-heading-title elementor-size-default\"><a href=\"https:\/\/www.anesansqueue.fr\/index.php\/linstant-musical\/\">L'INSTANT MUSICAL<\/a><\/h2>\t\t\t\t<\/div>\n\t\t\t\t<\/div>\n\t\t\t\t<div class=\"elementor-element elementor-element-801ed0a exad-sticky-section-no exad-glass-effect-no elementor-widget elementor-widget-image\" data-id=\"801ed0a\" data-element_type=\"widget\" data-e-type=\"widget\" data-widget_type=\"image.default\">\n\t\t\t\t<div class=\"elementor-widget-container\">\n\t\t\t\t\t\t\t\t\t\t\t\t\t\t\t\t<a href=\"https:\/\/www.anesansqueue.fr\/index.php\/linstant-musical\/\">\n\t\t\t\t\t\t\t<img loading=\"lazy\" decoding=\"async\" width=\"1024\" height=\"1017\" src=\"https:\/\/www.anesansqueue.fr\/wp-content\/uploads\/2024\/06\/logo-black-Linstant-Musical-1024x1017.jpg\" class=\"attachment-large size-large wp-image-10201\" alt=\"\" srcset=\"https:\/\/www.anesansqueue.fr\/wp-content\/uploads\/2024\/06\/logo-black-Linstant-Musical-1024x1017.jpg 1024w, https:\/\/www.anesansqueue.fr\/wp-content\/uploads\/2024\/06\/logo-black-Linstant-Musical-300x298.jpg 300w, https:\/\/www.anesansqueue.fr\/wp-content\/uploads\/2024\/06\/logo-black-Linstant-Musical-150x150.jpg 150w, https:\/\/www.anesansqueue.fr\/wp-content\/uploads\/2024\/06\/logo-black-Linstant-Musical-768x763.jpg 768w, https:\/\/www.anesansqueue.fr\/wp-content\/uploads\/2024\/06\/logo-black-Linstant-Musical.jpg 1536w\" sizes=\"(max-width: 1024px) 100vw, 1024px\" \/>\t\t\t\t\t\t\t\t<\/a>\n\t\t\t\t\t\t\t\t\t\t\t\t\t\t\t<\/div>\n\t\t\t\t<\/div>\n\t\t\t\t\t<\/div>\n\t\t<\/div>\n\t\t\t\t\t<\/div>\n\t\t<\/section>\n\t\t\t\t<\/div>\n\t\t","protected":false},"excerpt":{"rendered":"<p>L&rsquo;integralit\u00e9 des vid\u00e9os sont tourn\u00e9es en 4K et 6K pour la 3D DERNI\u00c8RES VID\u00c9OS VIDEOS &amp; PHOTOS 360\u00b0 Click gauche et maintient pour naviguer CONCERTS EXPOSITIONS DIVERS L&rsquo;INSTANT MUSICAL<\/p>\n","protected":false},"author":1,"featured_media":0,"parent":0,"menu_order":0,"comment_status":"closed","ping_status":"closed","template":"","meta":{"_kad_post_transparent":"","_kad_post_title":"hide","_kad_post_layout":"fullwidth","_kad_post_sidebar_id":"","_kad_post_content_style":"unboxed","_kad_post_vertical_padding":"hide","_kad_post_feature":"hide","_kad_post_feature_position":"","_kad_post_header":false,"_kad_post_footer":false,"_kad_post_classname":"","footnotes":""},"class_list":["post-10187","page","type-page","status-publish","hentry"],"_links":{"self":[{"href":"https:\/\/www.anesansqueue.fr\/index.php\/wp-json\/wp\/v2\/pages\/10187","targetHints":{"allow":["GET"]}}],"collection":[{"href":"https:\/\/www.anesansqueue.fr\/index.php\/wp-json\/wp\/v2\/pages"}],"about":[{"href":"https:\/\/www.anesansqueue.fr\/index.php\/wp-json\/wp\/v2\/types\/page"}],"author":[{"embeddable":true,"href":"https:\/\/www.anesansqueue.fr\/index.php\/wp-json\/wp\/v2\/users\/1"}],"replies":[{"embeddable":true,"href":"https:\/\/www.anesansqueue.fr\/index.php\/wp-json\/wp\/v2\/comments?post=10187"}],"version-history":[{"count":15,"href":"https:\/\/www.anesansqueue.fr\/index.php\/wp-json\/wp\/v2\/pages\/10187\/revisions"}],"predecessor-version":[{"id":16213,"href":"https:\/\/www.anesansqueue.fr\/index.php\/wp-json\/wp\/v2\/pages\/10187\/revisions\/16213"}],"wp:attachment":[{"href":"https:\/\/www.anesansqueue.fr\/index.php\/wp-json\/wp\/v2\/media?parent=10187"}],"curies":[{"name":"wp","href":"https:\/\/api.w.org\/{rel}","templated":true}]}}