{"id":242,"date":"2022-10-02T17:03:27","date_gmt":"2022-10-02T15:03:27","guid":{"rendered":"http:\/\/www.ane-sans-queue.fr\/?page_id=242"},"modified":"2026-03-26T19:34:05","modified_gmt":"2026-03-26T18:34:05","slug":"la-pitance","status":"publish","type":"page","link":"https:\/\/www.anesansqueue.fr\/index.php\/la-pitance\/","title":{"rendered":"La pitance"},"content":{"rendered":"\t\t<div data-elementor-type=\"wp-page\" data-elementor-id=\"242\" class=\"elementor elementor-242\">\n\t\t\t\t\t\t<section class=\"elementor-section elementor-top-section elementor-element elementor-element-948afb4 elementor-section-boxed elementor-section-height-default elementor-section-height-default exad-glass-effect-no exad-sticky-section-no\" data-id=\"948afb4\" data-element_type=\"section\" data-e-type=\"section\">\n\t\t\t\t\t\t<div class=\"elementor-container elementor-column-gap-default\">\n\t\t\t\t\t<div class=\"elementor-column elementor-col-100 elementor-top-column elementor-element elementor-element-682cde9 exad-glass-effect-no exad-sticky-section-no\" data-id=\"682cde9\" data-element_type=\"column\" data-e-type=\"column\" data-settings=\"{&quot;background_background&quot;:&quot;gradient&quot;}\">\n\t\t\t<div class=\"elementor-widget-wrap elementor-element-populated\">\n\t\t\t\t\t\t<div class=\"elementor-element elementor-element-8ef527b exad-sticky-section-no exad-glass-effect-no elementor-widget elementor-widget-heading\" data-id=\"8ef527b\" data-element_type=\"widget\" data-e-type=\"widget\" data-widget_type=\"heading.default\">\n\t\t\t\t<div class=\"elementor-widget-container\">\n\t\t\t\t\t<h2 class=\"elementor-heading-title elementor-size-default\">Fermeture cuisine \u00e0 22H00<\/h2>\t\t\t\t<\/div>\n\t\t\t\t<\/div>\n\t\t\t\t<div class=\"elementor-element elementor-element-30c2909 exad-sticky-section-no exad-glass-effect-no elementor-invisible elementor-widget elementor-widget-text-editor\" data-id=\"30c2909\" data-element_type=\"widget\" data-e-type=\"widget\" data-settings=\"{&quot;_animation&quot;:&quot;zoomIn&quot;}\" data-widget_type=\"text-editor.default\">\n\t\t\t\t<div class=\"elementor-widget-container\">\n\t\t\t\t\t\t\t\t\t<p><strong>Cochonnaille<\/strong><\/p>\t\t\t\t\t\t\t\t<\/div>\n\t\t\t\t<\/div>\n\t\t\t\t<div class=\"elementor-element elementor-element-e211706 exad-sticky-section-no exad-glass-effect-no elementor-widget elementor-widget-exad-pricing-menu\" data-id=\"e211706\" data-element_type=\"widget\" data-e-type=\"widget\" data-widget_type=\"exad-pricing-menu.default\">\n\t\t\t\t<div class=\"elementor-widget-container\">\n\t\t\t\t\t        <div class=\"exad-pricing-list\">\r\n            <div class=\"exad-pricing-list-wrapper \">\r\n                            <div class=\"elementor-repeater-item-7d3ce6d exad-pricing-list-item yes\">\r\n                                            <div class=\"exad-pricing-list-item-thumbnail\">\r\n                            <img fetchpriority=\"high\" decoding=\"async\" width=\"768\" height=\"511\" src=\"https:\/\/www.anesansqueue.fr\/wp-content\/uploads\/2023\/06\/DSC07798-Copie-768x511.jpg\" class=\"attachment-medium_large size-medium_large wp-image-6614\" alt=\"\" srcset=\"https:\/\/www.anesansqueue.fr\/wp-content\/uploads\/2023\/06\/DSC07798-Copie-768x511.jpg 768w, https:\/\/www.anesansqueue.fr\/wp-content\/uploads\/2023\/06\/DSC07798-Copie-300x200.jpg 300w, https:\/\/www.anesansqueue.fr\/wp-content\/uploads\/2023\/06\/DSC07798-Copie.jpg 1000w\" sizes=\"(max-width: 768px) 100vw, 768px\" \/>                        <\/div>\r\n                    \r\n                    <div class=\"exad-pricing-list-item-content price_pos_right\">\r\n                        <div class=\"exad-pricing-list-item-content-inner\">\r\n                            <div class=\"exad-pricing-title\">\r\n                                                                        <h5 class=\"exad-pricing-list-item-content-title\">Hot Dog<\/h5>\r\n                                \r\n                                <div class=\"exad-pricing-list-item-price\"><span>5,5\u20ac<\/span><\/div>                            <\/div>\r\n\r\n                                                            <p class=\"exad-pricing-list-item-content-description\">\r\n                                    Knack d'Alsace, , oignons frits, sauce (Ketchup, mayonnaise, moutarde)                                <\/p>\r\n                                                        <\/div>\r\n                                            <\/div>\r\n                <\/div>\r\n                            <div class=\"elementor-repeater-item-01cc455 exad-pricing-list-item yes\">\r\n                                            <div class=\"exad-pricing-list-item-thumbnail\">\r\n                            <img decoding=\"async\" width=\"768\" height=\"511\" src=\"https:\/\/www.anesansqueue.fr\/wp-content\/uploads\/2025\/10\/Pate-en-Croute-768x511.jpg\" class=\"attachment-medium_large size-medium_large wp-image-14809\" alt=\"\" srcset=\"https:\/\/www.anesansqueue.fr\/wp-content\/uploads\/2025\/10\/Pate-en-Croute-768x511.jpg 768w, https:\/\/www.anesansqueue.fr\/wp-content\/uploads\/2025\/10\/Pate-en-Croute-300x200.jpg 300w, https:\/\/www.anesansqueue.fr\/wp-content\/uploads\/2025\/10\/Pate-en-Croute.jpg 1000w\" sizes=\"(max-width: 768px) 100vw, 768px\" \/>                        <\/div>\r\n                    \r\n                    <div class=\"exad-pricing-list-item-content price_pos_right\">\r\n                        <div class=\"exad-pricing-list-item-content-inner\">\r\n                            <div class=\"exad-pricing-title\">\r\n                                                                        <h5 class=\"exad-pricing-list-item-content-title\">p\u00e2t\u00e9 cro\u00fbte<\/h5>\r\n                                \r\n                                <div class=\"exad-pricing-list-item-price\"><span>7\u20ac<\/span><\/div>                            <\/div>\r\n\r\n                                                            <p class=\"exad-pricing-list-item-content-description\">\r\n                                    p\u00e2t\u00e9 cro\u00fbte Richelieu - Cor.nichons (Selon arrivage)                                <\/p>\r\n                                                        <\/div>\r\n                                            <\/div>\r\n                <\/div>\r\n                            <div class=\"elementor-repeater-item-13d442f exad-pricing-list-item yes\">\r\n                                            <div class=\"exad-pricing-list-item-thumbnail\">\r\n                            <img decoding=\"async\" width=\"768\" height=\"511\" src=\"https:\/\/www.anesansqueue.fr\/wp-content\/uploads\/2025\/09\/Salaisonogier-768x511.jpg\" class=\"attachment-medium_large size-medium_large wp-image-14626\" alt=\"Salaisonogier\" srcset=\"https:\/\/www.anesansqueue.fr\/wp-content\/uploads\/2025\/09\/Salaisonogier-768x511.jpg 768w, https:\/\/www.anesansqueue.fr\/wp-content\/uploads\/2025\/09\/Salaisonogier-300x200.jpg 300w, https:\/\/www.anesansqueue.fr\/wp-content\/uploads\/2025\/09\/Salaisonogier.jpg 1000w\" sizes=\"(max-width: 768px) 100vw, 768px\" \/>                        <\/div>\r\n                    \r\n                    <div class=\"exad-pricing-list-item-content price_pos_right\">\r\n                        <div class=\"exad-pricing-list-item-content-inner\">\r\n                            <div class=\"exad-pricing-title\">\r\n                                                                        <h5 class=\"exad-pricing-list-item-content-title\">Saucisson<\/h5>\r\n                                \r\n                                <div class=\"exad-pricing-list-item-price\"><span>9\u20ac<\/span><\/div>                            <\/div>\r\n\r\n                                                            <p class=\"exad-pricing-list-item-content-description\">\r\n                                    Saicisson au comt\u00e9  -240Gr.                                <\/p>\r\n                            \r\n                                    <a class=\"exad-pricing-list-item-content-action\" href=\"https:\/\/www.salaisonogier.com\/\" target=\"_blank\">\r\n                                        <span>\r\n                                            More ...                                        <\/span>\r\n                                    <\/a>\r\n\r\n                                                        <\/div>\r\n                                            <\/div>\r\n                <\/div>\r\n                            <div class=\"elementor-repeater-item-fcf5b56 exad-pricing-list-item yes\">\r\n                                            <div class=\"exad-pricing-list-item-thumbnail\">\r\n                            <img loading=\"lazy\" decoding=\"async\" width=\"474\" height=\"474\" src=\"https:\/\/www.anesansqueue.fr\/wp-content\/uploads\/2025\/02\/Rillettes-de-canard.jpg\" class=\"attachment-medium_large size-medium_large wp-image-12240\" alt=\"\" srcset=\"https:\/\/www.anesansqueue.fr\/wp-content\/uploads\/2025\/02\/Rillettes-de-canard.jpg 474w, https:\/\/www.anesansqueue.fr\/wp-content\/uploads\/2025\/02\/Rillettes-de-canard-300x300.jpg 300w, https:\/\/www.anesansqueue.fr\/wp-content\/uploads\/2025\/02\/Rillettes-de-canard-150x150.jpg 150w\" sizes=\"(max-width: 474px) 100vw, 474px\" \/>                        <\/div>\r\n                    \r\n                    <div class=\"exad-pricing-list-item-content price_pos_right\">\r\n                        <div class=\"exad-pricing-list-item-content-inner\">\r\n                            <div class=\"exad-pricing-title\">\r\n                                                                        <h5 class=\"exad-pricing-list-item-content-title\">Rillettes<\/h5>\r\n                                \r\n                                <div class=\"exad-pricing-list-item-price\"><span>7\u20ac<\/span><\/div>                            <\/div>\r\n\r\n                                                            <p class=\"exad-pricing-list-item-content-description\">\r\n                                    100gr -Rillettes du Mans ou de canard (selon arrivage).                                <\/p>\r\n                                                        <\/div>\r\n                                            <\/div>\r\n                <\/div>\r\n                            <div class=\"elementor-repeater-item-e31dfaf exad-pricing-list-item yes\">\r\n                                            <div class=\"exad-pricing-list-item-thumbnail\">\r\n                            <img loading=\"lazy\" decoding=\"async\" width=\"250\" height=\"250\" src=\"https:\/\/www.anesansqueue.fr\/wp-content\/uploads\/2026\/03\/terrine-de-campagne-au-beaujolais-06.jpg\" class=\"attachment-medium_large size-medium_large wp-image-15991\" alt=\"\" srcset=\"https:\/\/www.anesansqueue.fr\/wp-content\/uploads\/2026\/03\/terrine-de-campagne-au-beaujolais-06.jpg 250w, https:\/\/www.anesansqueue.fr\/wp-content\/uploads\/2026\/03\/terrine-de-campagne-au-beaujolais-06-150x150.jpg 150w\" sizes=\"(max-width: 250px) 100vw, 250px\" \/>                        <\/div>\r\n                    \r\n                    <div class=\"exad-pricing-list-item-content price_pos_right\">\r\n                        <div class=\"exad-pricing-list-item-content-inner\">\r\n                            <div class=\"exad-pricing-title\">\r\n                                                                        <h5 class=\"exad-pricing-list-item-content-title\">Pat\u00e9 de campagne<\/h5>\r\n                                \r\n                                <div class=\"exad-pricing-list-item-price\"><span>6\u20ac<\/span><\/div>                            <\/div>\r\n\r\n                                                            <p class=\"exad-pricing-list-item-content-description\">\r\n                                    Pat\u00e9 de canpagne                                <\/p>\r\n                                                        <\/div>\r\n                                            <\/div>\r\n                <\/div>\r\n                        <\/div>\r\n        <\/div>\r\n    \t\t\t\t<\/div>\n\t\t\t\t<\/div>\n\t\t\t\t\t<\/div>\n\t\t<\/div>\n\t\t\t\t\t<\/div>\n\t\t<\/section>\n\t\t\t\t<section class=\"elementor-section elementor-top-section elementor-element elementor-element-6343724 elementor-section-boxed elementor-section-height-default elementor-section-height-default exad-glass-effect-no exad-sticky-section-no\" data-id=\"6343724\" data-element_type=\"section\" data-e-type=\"section\" data-settings=\"{&quot;background_background&quot;:&quot;classic&quot;}\">\n\t\t\t\t\t\t<div class=\"elementor-container elementor-column-gap-default\">\n\t\t\t\t\t<div class=\"elementor-column elementor-col-100 elementor-top-column elementor-element elementor-element-2c6dd57 exad-glass-effect-no exad-sticky-section-no\" data-id=\"2c6dd57\" data-element_type=\"column\" data-e-type=\"column\" data-settings=\"{&quot;background_background&quot;:&quot;gradient&quot;}\">\n\t\t\t<div class=\"elementor-widget-wrap elementor-element-populated\">\n\t\t\t\t\t\t<div class=\"elementor-element elementor-element-f526cf8 exad-sticky-section-no exad-glass-effect-no elementor-invisible elementor-widget elementor-widget-heading\" data-id=\"f526cf8\" data-element_type=\"widget\" data-e-type=\"widget\" data-settings=\"{&quot;_animation&quot;:&quot;zoomIn&quot;}\" data-widget_type=\"heading.default\">\n\t\t\t\t<div class=\"elementor-widget-container\">\n\t\t\t\t\t<h2 class=\"elementor-heading-title elementor-size-default\">Fromage<\/h2>\t\t\t\t<\/div>\n\t\t\t\t<\/div>\n\t\t\t\t<div class=\"elementor-element elementor-element-ae92495 exad-sticky-section-no exad-glass-effect-no elementor-widget elementor-widget-exad-pricing-menu\" data-id=\"ae92495\" data-element_type=\"widget\" data-e-type=\"widget\" data-widget_type=\"exad-pricing-menu.default\">\n\t\t\t\t<div class=\"elementor-widget-container\">\n\t\t\t\t\t        <div class=\"exad-pricing-list\">\r\n            <div class=\"exad-pricing-list-wrapper yes\">\r\n                            <div class=\"elementor-repeater-item-099f674 exad-pricing-list-item yes\">\r\n                                            <div class=\"exad-pricing-list-item-thumbnail\">\r\n                            <img loading=\"lazy\" decoding=\"async\" width=\"483\" height=\"380\" src=\"https:\/\/www.anesansqueue.fr\/wp-content\/uploads\/2022\/10\/Comte-12-mois-132-AOP-12kg-Rivoire.webp\" class=\"attachment-medium_large size-medium_large wp-image-1154\" alt=\"\" srcset=\"https:\/\/www.anesansqueue.fr\/wp-content\/uploads\/2022\/10\/Comte-12-mois-132-AOP-12kg-Rivoire.webp 483w, https:\/\/www.anesansqueue.fr\/wp-content\/uploads\/2022\/10\/Comte-12-mois-132-AOP-12kg-Rivoire-300x236.webp 300w\" sizes=\"(max-width: 483px) 100vw, 483px\" \/>                        <\/div>\r\n                    \r\n                    <div class=\"exad-pricing-list-item-content price_pos_right\">\r\n                        <div class=\"exad-pricing-list-item-content-inner\">\r\n                            <div class=\"exad-pricing-title\">\r\n                                                                        <h5 class=\"exad-pricing-list-item-content-title\">Comt\u00e9 Rivoire<\/h5>\r\n                                \r\n                                <div class=\"exad-pricing-list-item-price\"><span>7\u20ac<\/span><\/div>                            <\/div>\r\n\r\n                                                            <p class=\"exad-pricing-list-item-content-description\">\r\n                                    150 gr, 8 mois.\n                                <\/p>\r\n                            \r\n                                    <a class=\"exad-pricing-list-item-content-action\" href=\"https:\/\/www.mons-fromages.com\/fr\/\" target=\"_blank\">\r\n                                        <span>\r\n                                            More...                                        <\/span>\r\n                                    <\/a>\r\n\r\n                                                        <\/div>\r\n                                            <\/div>\r\n                <\/div>\r\n                            <div class=\"elementor-repeater-item-6994c30 exad-pricing-list-item yes\">\r\n                                            <div class=\"exad-pricing-list-item-thumbnail\">\r\n                            <img loading=\"lazy\" decoding=\"async\" width=\"768\" height=\"455\" src=\"https:\/\/www.anesansqueue.fr\/wp-content\/uploads\/2023\/10\/DSC01251-Copie-768x455.jpg\" class=\"attachment-medium_large size-medium_large wp-image-7728\" alt=\"\" srcset=\"https:\/\/www.anesansqueue.fr\/wp-content\/uploads\/2023\/10\/DSC01251-Copie-768x455.jpg 768w, https:\/\/www.anesansqueue.fr\/wp-content\/uploads\/2023\/10\/DSC01251-Copie-300x178.jpg 300w, https:\/\/www.anesansqueue.fr\/wp-content\/uploads\/2023\/10\/DSC01251-Copie.jpg 814w\" sizes=\"(max-width: 768px) 100vw, 768px\" \/>                        <\/div>\r\n                    \r\n                    <div class=\"exad-pricing-list-item-content price_pos_right\">\r\n                        <div class=\"exad-pricing-list-item-content-inner\">\r\n                            <div class=\"exad-pricing-title\">\r\n                                                                        <h5 class=\"exad-pricing-list-item-content-title\">St marcellin grill\u00e9 au miel<\/h5>\r\n                                \r\n                                <div class=\"exad-pricing-list-item-price\"><span>8\u20ac<\/span><\/div>                            <\/div>\r\n\r\n                                                            <p class=\"exad-pricing-list-item-content-description\">\r\n                                    80gr - Fromagerie  Mons                                <\/p>\r\n                            \r\n                                    <a class=\"exad-pricing-list-item-content-action\" href=\"https:\/\/www.mons-fromages.com\/fr\">\r\n                                        <span>\r\n                                            More                                        <\/span>\r\n                                    <\/a>\r\n\r\n                                                        <\/div>\r\n                                            <\/div>\r\n                <\/div>\r\n                        <\/div>\r\n        <\/div>\r\n    \t\t\t\t<\/div>\n\t\t\t\t<\/div>\n\t\t\t\t\t<\/div>\n\t\t<\/div>\n\t\t\t\t\t<\/div>\n\t\t<\/section>\n\t\t\t\t<section class=\"elementor-section elementor-top-section elementor-element elementor-element-d2fd4c4 elementor-section-boxed elementor-section-height-default elementor-section-height-default exad-glass-effect-no exad-sticky-section-no\" data-id=\"d2fd4c4\" data-element_type=\"section\" data-e-type=\"section\">\n\t\t\t\t\t\t<div class=\"elementor-container elementor-column-gap-default\">\n\t\t\t\t\t<div class=\"elementor-column elementor-col-100 elementor-top-column elementor-element elementor-element-26f3139 exad-glass-effect-no exad-sticky-section-no\" data-id=\"26f3139\" data-element_type=\"column\" data-e-type=\"column\" data-settings=\"{&quot;background_background&quot;:&quot;gradient&quot;}\">\n\t\t\t<div class=\"elementor-widget-wrap elementor-element-populated\">\n\t\t\t\t\t\t<div class=\"elementor-element elementor-element-e846f49 exad-sticky-section-no exad-glass-effect-no elementor-invisible elementor-widget elementor-widget-heading\" data-id=\"e846f49\" data-element_type=\"widget\" data-e-type=\"widget\" data-settings=\"{&quot;_animation&quot;:&quot;zoomIn&quot;,&quot;_animation_mobile&quot;:&quot;zoomIn&quot;}\" data-widget_type=\"heading.default\">\n\t\t\t\t<div class=\"elementor-widget-container\">\n\t\t\t\t\t<h2 class=\"elementor-heading-title elementor-size-default\"> V\u00e9g\u00e9<\/h2>\t\t\t\t<\/div>\n\t\t\t\t<\/div>\n\t\t\t\t<div class=\"elementor-element elementor-element-e33a130 exad-sticky-section-no exad-glass-effect-no elementor-widget elementor-widget-exad-pricing-menu\" data-id=\"e33a130\" data-element_type=\"widget\" data-e-type=\"widget\" data-widget_type=\"exad-pricing-menu.default\">\n\t\t\t\t<div class=\"elementor-widget-container\">\n\t\t\t\t\t        <div class=\"exad-pricing-list\">\r\n            <div class=\"exad-pricing-list-wrapper yes\">\r\n                            <div class=\"elementor-repeater-item-aa9e521 exad-pricing-list-item yes\">\r\n                                            <div class=\"exad-pricing-list-item-thumbnail\">\r\n                            <img loading=\"lazy\" decoding=\"async\" width=\"759\" height=\"456\" src=\"https:\/\/www.anesansqueue.fr\/wp-content\/uploads\/2022\/11\/DSC01144-Copie-2.jpg\" class=\"attachment-medium_large size-medium_large wp-image-2866\" alt=\"\" srcset=\"https:\/\/www.anesansqueue.fr\/wp-content\/uploads\/2022\/11\/DSC01144-Copie-2.jpg 759w, https:\/\/www.anesansqueue.fr\/wp-content\/uploads\/2022\/11\/DSC01144-Copie-2-300x180.jpg 300w\" sizes=\"(max-width: 759px) 100vw, 759px\" \/>                        <\/div>\r\n                    \r\n                    <div class=\"exad-pricing-list-item-content price_pos_right\">\r\n                        <div class=\"exad-pricing-list-item-content-inner\">\r\n                            <div class=\"exad-pricing-title\">\r\n                                                                        <h5 class=\"exad-pricing-list-item-content-title\">Antipasti V\u00e9G\u00e9 <\/h5>\r\n                                \r\n                                <div class=\"exad-pricing-list-item-price\"><span>4\u20ac<\/span><\/div>                            <\/div>\r\n\r\n                                                            <p class=\"exad-pricing-list-item-content-description\">\r\n                                    3 pi\u00e8ces 10\u20ac        \nComposition au choix : Pesto,Tomates s\u00e9ch\u00e9es , Houmous, Tzatziki, Fromage Frais. Choix  Selon arrivage!                                <\/p>\r\n                                                        <\/div>\r\n                                            <\/div>\r\n                <\/div>\r\n                        <\/div>\r\n        <\/div>\r\n    \t\t\t\t<\/div>\n\t\t\t\t<\/div>\n\t\t\t\t\t<\/div>\n\t\t<\/div>\n\t\t\t\t\t<\/div>\n\t\t<\/section>\n\t\t\t\t<\/div>\n\t\t","protected":false},"excerpt":{"rendered":"<p>Fermeture cuisine \u00e0 22H00 Cochonnaille Hot Dog 5,5\u20ac Knack d&rsquo;Alsace, , oignons frits, sauce (Ketchup, mayonnaise, moutarde) p\u00e2t\u00e9 cro\u00fbte 7\u20ac p\u00e2t\u00e9 cro\u00fbte Richelieu &#8211; Cor.nichons (Selon arrivage) Saucisson 9\u20ac Saicisson au comt\u00e9 -240Gr. More &#8230; Rillettes 7\u20ac 100gr -Rillettes du Mans ou de canard (selon arrivage). Pat\u00e9 de campagne 6\u20ac Pat\u00e9 de canpagne Fromage Comt\u00e9&#8230;<\/p>\n","protected":false},"author":1,"featured_media":0,"parent":0,"menu_order":0,"comment_status":"closed","ping_status":"closed","template":"","meta":{"_kad_post_transparent":"","_kad_post_title":"hide","_kad_post_layout":"fullwidth","_kad_post_sidebar_id":"","_kad_post_content_style":"unboxed","_kad_post_vertical_padding":"hide","_kad_post_feature":"hide","_kad_post_feature_position":"","_kad_post_header":false,"_kad_post_footer":false,"_kad_post_classname":"","footnotes":""},"class_list":["post-242","page","type-page","status-publish","hentry"],"_links":{"self":[{"href":"https:\/\/www.anesansqueue.fr\/index.php\/wp-json\/wp\/v2\/pages\/242","targetHints":{"allow":["GET"]}}],"collection":[{"href":"https:\/\/www.anesansqueue.fr\/index.php\/wp-json\/wp\/v2\/pages"}],"about":[{"href":"https:\/\/www.anesansqueue.fr\/index.php\/wp-json\/wp\/v2\/types\/page"}],"author":[{"embeddable":true,"href":"https:\/\/www.anesansqueue.fr\/index.php\/wp-json\/wp\/v2\/users\/1"}],"replies":[{"embeddable":true,"href":"https:\/\/www.anesansqueue.fr\/index.php\/wp-json\/wp\/v2\/comments?post=242"}],"version-history":[{"count":15,"href":"https:\/\/www.anesansqueue.fr\/index.php\/wp-json\/wp\/v2\/pages\/242\/revisions"}],"predecessor-version":[{"id":15997,"href":"https:\/\/www.anesansqueue.fr\/index.php\/wp-json\/wp\/v2\/pages\/242\/revisions\/15997"}],"wp:attachment":[{"href":"https:\/\/www.anesansqueue.fr\/index.php\/wp-json\/wp\/v2\/media?parent=242"}],"curies":[{"name":"wp","href":"https:\/\/api.w.org\/{rel}","templated":true}]}}